{"id":69,"date":"2021-04-28T17:40:17","date_gmt":"2021-04-28T17:40:17","guid":{"rendered":"https:\/\/jodelduett.ch\/?page_id=69"},"modified":"2023-09-21T04:52:49","modified_gmt":"2023-09-21T04:52:49","slug":"grueezi-und-herzlich-willkommen","status":"publish","type":"page","link":"https:\/\/jodelduett.ch\/","title":{"rendered":"Herzlich willkommen!"},"content":{"rendered":"<p><span style=\"font-size: 12pt;\">Wir freuen uns sehr, Sie auf unserer Webseite begr\u00fcssen zu d\u00fcrfen. Gerne stellen wir uns Ihnen auf den n\u00e4chsten Seiten etwas vor &#8230;<\/span><\/p>\n<p><a href=\"https:\/\/jodelduett.ch\/wp-content\/uploads\/2023\/07\/Bild-fuer-Visitenkarte-breiter-scaled.jpg\"><img decoding=\"async\" loading=\"lazy\" class=\"alignnone wp-image-146 size-large\" src=\"https:\/\/jodelduett.ch\/wp-content\/uploads\/2023\/07\/Bild-fuer-Visitenkarte-breiter-1024x729.jpg\" alt=\"\" width=\"584\" height=\"416\" srcset=\"https:\/\/jodelduett.ch\/wp-content\/uploads\/2023\/07\/Bild-fuer-Visitenkarte-breiter-1024x729.jpg 1024w, https:\/\/jodelduett.ch\/wp-content\/uploads\/2023\/07\/Bild-fuer-Visitenkarte-breiter-300x213.jpg 300w, https:\/\/jodelduett.ch\/wp-content\/uploads\/2023\/07\/Bild-fuer-Visitenkarte-breiter-768x546.jpg 768w, https:\/\/jodelduett.ch\/wp-content\/uploads\/2023\/07\/Bild-fuer-Visitenkarte-breiter-1536x1093.jpg 1536w, https:\/\/jodelduett.ch\/wp-content\/uploads\/2023\/07\/Bild-fuer-Visitenkarte-breiter-2048x1457.jpg 2048w, https:\/\/jodelduett.ch\/wp-content\/uploads\/2023\/07\/Bild-fuer-Visitenkarte-breiter-422x300.jpg 422w\" sizes=\"(max-width: 584px) 100vw, 584px\" \/><\/a><br \/>\n<span style=\"font-family: helvetica, arial, sans-serif; font-size: 12pt;\">von links: Helen B\u00fcrgler, Jolanda Betschart und Gaby Mettler<\/span><\/p>\n","protected":false},"excerpt":{"rendered":"<p>Wir freuen uns sehr, Sie auf unserer Webseite begr\u00fcssen zu d\u00fcrfen. Gerne stellen wir uns Ihnen auf den n\u00e4chsten Seiten etwas vor &#8230; von links: Helen B\u00fcrgler, Jolanda Betschart und Gaby Mettler<\/p>\n","protected":false},"author":1,"featured_media":0,"parent":0,"menu_order":0,"comment_status":"closed","ping_status":"closed","template":"","meta":[],"_links":{"self":[{"href":"https:\/\/jodelduett.ch\/index.php?rest_route=\/wp\/v2\/pages\/69"}],"collection":[{"href":"https:\/\/jodelduett.ch\/index.php?rest_route=\/wp\/v2\/pages"}],"about":[{"href":"https:\/\/jodelduett.ch\/index.php?rest_route=\/wp\/v2\/types\/page"}],"author":[{"embeddable":true,"href":"https:\/\/jodelduett.ch\/index.php?rest_route=\/wp\/v2\/users\/1"}],"replies":[{"embeddable":true,"href":"https:\/\/jodelduett.ch\/index.php?rest_route=%2Fwp%2Fv2%2Fcomments&post=69"}],"version-history":[{"count":14,"href":"https:\/\/jodelduett.ch\/index.php?rest_route=\/wp\/v2\/pages\/69\/revisions"}],"predecessor-version":[{"id":72,"href":"https:\/\/jodelduett.ch\/index.php?rest_route=\/wp\/v2\/pages\/69\/revisions\/72"}],"wp:attachment":[{"href":"https:\/\/jodelduett.ch\/index.php?rest_route=%2Fwp%2Fv2%2Fmedia&parent=69"}],"curies":[{"name":"wp","href":"https:\/\/api.w.org\/{rel}","templated":true}]}}